{"id":253,"date":"2020-05-09T00:33:31","date_gmt":"2020-05-09T00:33:31","guid":{"rendered":"https:\/\/www.sonnborner-sgi.de\/?page_id=253"},"modified":"2020-05-09T00:33:40","modified_gmt":"2020-05-09T00:33:40","slug":"weitere-vereine","status":"publish","type":"page","link":"https:\/\/www.sonnborner-sgi.de\/?page_id=253","title":{"rendered":"Weitere Vereine"},"content":{"rendered":"\n<p class=\"has-text-align-center\"><a rel=\"noreferrer noopener\" href=\"https:\/\/www.sv-bayer.de\/sportschiessen\/\" target=\"_blank\">SV Bayer Wuppertal<\/a><\/p>\n\n\n\n<p class=\"has-text-align-center\"><a rel=\"noreferrer noopener\" href=\"https:\/\/www.bergische-sch\u00fctzengilde.de\/\" target=\"_blank\">Bergische Sch\u00fctzen Gilde St.Sebastianus e.V<\/a><\/p>\n\n\n\n<p class=\"has-text-align-center\"><a rel=\"noreferrer noopener\" href=\"http:\/\/www.vsw-ev-1970.de\/\" target=\"_blank\">VL-Sportsch\u00fctzen<\/a><\/p>\n\n\n\n<p class=\"has-text-align-center\"><a rel=\"noreferrer noopener\" href=\"http:\/\/www.freihand-pettstadt.de\/\" target=\"_blank\">Freihand Sch\u00fctzenverein Pettstadt<\/a><\/p>\n\n\n\n<p class=\"has-text-align-center\"><a rel=\"noreferrer noopener\" href=\"http:\/\/www.bergischer-schuetzenbund.de\/\" target=\"_blank\">Bergischer Sch\u00fctzenbund<\/a> e.V<\/p>\n\n\n\n<p class=\"has-text-align-center\"><a rel=\"noreferrer noopener\" href=\"http:\/\/www.ohligser-sg.de\/\" target=\"_blank\">Ohligser SGem 1875\/1903<\/a> e.V<\/p>\n\n\n\n<p class=\"has-text-align-center\"><a rel=\"noreferrer noopener\" href=\"http:\/\/www.rsschv.rscheid.de\/\" target=\"_blank\">Remscheider SV 1816<\/a><\/p>\n\n\n\n<p class=\"has-text-align-center\"><a rel=\"noreferrer noopener\" href=\"https:\/\/hsv-neviges.de\/\" target=\"_blank\">Harderberger SV Neviges 1656<\/a><\/p>\n\n\n\n<p class=\"has-text-align-center\"><a rel=\"noreferrer noopener\" href=\"http:\/\/www.sv-langenberg.de\/\" target=\"_blank\">Sch\u00fctzenverein Langenfeld 1834 <\/a>e.V<\/p>\n\n\n\n<p class=\"has-text-align-center\"><a rel=\"noreferrer noopener\" href=\"http:\/\/www.sv-trompete.de\/\" target=\"_blank\">SV Trompete Leichlingen <\/a><\/p>\n\n\n\n<p class=\"has-text-align-center\"><a href=\"https:\/\/www.kreis051.de\/vereine\/fs-langenberg\/\" target=\"_blank\" rel=\"noreferrer noopener\">Freisch\u00fctz Langenberg<\/a><\/p>\n","protected":false},"excerpt":{"rendered":"<p>SV Bayer Wuppertal Bergische Sch\u00fctzen Gilde St.Sebastianus e.V VL-Sportsch\u00fctzen Freihand Sch\u00fctzenverein Pettstadt Bergischer Sch\u00fctzenbund e.V Ohligser SGem 1875\/1903 e.V Remscheider SV 1816 Harderberger SV Neviges 1656 Sch\u00fctzenverein Langenfeld 1834 e.V SV Trompete Leichlingen Freisch\u00fctz Langenberg<\/p>\n","protected":false},"author":1,"featured_media":0,"parent":0,"menu_order":0,"comment_status":"closed","ping_status":"closed","template":"","meta":{"footnotes":""},"class_list":["post-253","page","type-page","status-publish","hentry"],"_links":{"self":[{"href":"https:\/\/www.sonnborner-sgi.de\/index.php?rest_route=\/wp\/v2\/pages\/253","targetHints":{"allow":["GET"]}}],"collection":[{"href":"https:\/\/www.sonnborner-sgi.de\/index.php?rest_route=\/wp\/v2\/pages"}],"about":[{"href":"https:\/\/www.sonnborner-sgi.de\/index.php?rest_route=\/wp\/v2\/types\/page"}],"author":[{"embeddable":true,"href":"https:\/\/www.sonnborner-sgi.de\/index.php?rest_route=\/wp\/v2\/users\/1"}],"replies":[{"embeddable":true,"href":"https:\/\/www.sonnborner-sgi.de\/index.php?rest_route=%2Fwp%2Fv2%2Fcomments&post=253"}],"version-history":[{"count":1,"href":"https:\/\/www.sonnborner-sgi.de\/index.php?rest_route=\/wp\/v2\/pages\/253\/revisions"}],"predecessor-version":[{"id":262,"href":"https:\/\/www.sonnborner-sgi.de\/index.php?rest_route=\/wp\/v2\/pages\/253\/revisions\/262"}],"wp:attachment":[{"href":"https:\/\/www.sonnborner-sgi.de\/index.php?rest_route=%2Fwp%2Fv2%2Fmedia&parent=253"}],"curies":[{"name":"wp","href":"https:\/\/api.w.org\/{rel}","templated":true}]}}