{"id":58,"date":"2020-05-08T21:18:47","date_gmt":"2020-05-08T21:18:47","guid":{"rendered":"https:\/\/www.sonnborner-sgi.de\/?page_id=58"},"modified":"2022-10-13T10:45:37","modified_gmt":"2022-10-13T10:45:37","slug":"startseite","status":"publish","type":"page","link":"http:\/\/www.sonnborner-sgi.de\/","title":{"rendered":"Startseite"},"content":{"rendered":"\n<hr class=\"wp-block-separator has-text-color has-very-dark-gray-color has-css-opacity has-very-dark-gray-background-color has-background\"\/>\n\n\n\n<p class=\"has-text-align-center\"><mark style=\"background-color:rgba(0, 0, 0, 0)\" class=\"has-inline-color has-vivid-red-color\"><\/mark><\/p>\n\n\n\n<p class=\"has-text-align-center\"><strong>Wir hei\u00dfen Sie herzlich Willkommen auf der Website der Sonnborner Sch\u00fctzen-Gilde. <\/strong><\/p>\n\n\n\n<div class=\"wp-block-group alignwide\"><div class=\"wp-block-group__inner-container is-layout-flow wp-block-group-is-layout-flow\">\n<div class=\"wp-block-media-text alignwide has-media-on-the-right is-vertically-aligned-center\" style=\"grid-template-columns:auto 21%\"><figure class=\"wp-block-media-text__media\"><img loading=\"lazy\" decoding=\"async\" width=\"305\" height=\"276\" src=\"https:\/\/www.sonnborner-sgi.de\/wp-content\/uploads\/2020\/05\/ssgi_logo2.gif\" alt=\"\" class=\"wp-image-369 size-full\"\/><\/figure><div class=\"wp-block-media-text__content\">\n<p class=\"has-text-align-center\">Auf dieser Website finden Sie alle wichtigen Informationen zu unserem <a href=\"https:\/\/www.sonnborner-sgi.de\/?page_id=22\">Schie\u00dfstand <\/a>sowie <a href=\"https:\/\/www.sonnborner-sgi.de\/?page_id=34\">Termine<\/a>. Wir w\u00fcnschen Ihnen viel Spa\u00df beim St\u00f6bern.<\/p>\n\n\n\n<p class=\"has-text-align-center\">Sollten Sie weitergehende Fragen oder Interesse haben, nehmen Sie gerne unverbindlich <a href=\"https:\/\/www.sonnborner-sgi.de\/?page_id=37\">Kontakt<\/a> mit uns auf. Gerne k\u00f6nnen Sie uns auch auf <a rel=\"noreferrer noopener\" href=\"https:\/\/www.facebook.com\/pages\/category\/Gun-Range\/Sonnborner-Sch%C3%BCtzen-Gilde-1927-eV-Wuppertal-1782493838646737\/\" target=\"_blank\">Facebook <\/a>besuchen.<\/p>\n\n\n\n<p class=\"has-text-align-center\"><strong>Gut Schuss!<\/strong><\/p>\n<\/div><\/div>\n<\/div><\/div>\n","protected":false},"excerpt":{"rendered":"<p>Wir hei\u00dfen Sie herzlich Willkommen auf der Website der Sonnborner Sch\u00fctzen-Gilde. Auf dieser Website finden Sie alle wichtigen Informationen zu unserem Schie\u00dfstand sowie Termine. Wir w\u00fcnschen Ihnen viel Spa\u00df beim St\u00f6bern. Sollten Sie weitergehende Fragen oder Interesse haben, nehmen Sie gerne unverbindlich Kontakt mit uns auf. Gerne k\u00f6nnen Sie uns auch auf Facebook besuchen. Gut &hellip; <\/p>\n","protected":false},"author":1,"featured_media":0,"parent":0,"menu_order":0,"comment_status":"closed","ping_status":"closed","template":"","meta":{"footnotes":""},"class_list":["post-58","page","type-page","status-publish","hentry"],"_links":{"self":[{"href":"http:\/\/www.sonnborner-sgi.de\/index.php?rest_route=\/wp\/v2\/pages\/58","targetHints":{"allow":["GET"]}}],"collection":[{"href":"http:\/\/www.sonnborner-sgi.de\/index.php?rest_route=\/wp\/v2\/pages"}],"about":[{"href":"http:\/\/www.sonnborner-sgi.de\/index.php?rest_route=\/wp\/v2\/types\/page"}],"author":[{"embeddable":true,"href":"http:\/\/www.sonnborner-sgi.de\/index.php?rest_route=\/wp\/v2\/users\/1"}],"replies":[{"embeddable":true,"href":"http:\/\/www.sonnborner-sgi.de\/index.php?rest_route=%2Fwp%2Fv2%2Fcomments&post=58"}],"version-history":[{"count":24,"href":"http:\/\/www.sonnborner-sgi.de\/index.php?rest_route=\/wp\/v2\/pages\/58\/revisions"}],"predecessor-version":[{"id":476,"href":"http:\/\/www.sonnborner-sgi.de\/index.php?rest_route=\/wp\/v2\/pages\/58\/revisions\/476"}],"wp:attachment":[{"href":"http:\/\/www.sonnborner-sgi.de\/index.php?rest_route=%2Fwp%2Fv2%2Fmedia&parent=58"}],"curies":[{"name":"wp","href":"https:\/\/api.w.org\/{rel}","templated":true}]}}