{"id":35,"date":"2020-05-08T21:13:56","date_gmt":"2020-05-08T21:13:56","guid":{"rendered":"https:\/\/www.sonnborner-sgi.de\/?page_id=35"},"modified":"2023-12-21T07:36:34","modified_gmt":"2023-12-21T07:36:34","slug":"links","status":"publish","type":"page","link":"http:\/\/www.sonnborner-sgi.de\/?page_id=35","title":{"rendered":"Links"},"content":{"rendered":"\n<p class=\"has-text-align-center\"><strong>Arbeitsgemeinschaft Wuppertaler Sch\u00fctzenvereine<\/strong><\/p>\n\n\n\n<figure class=\"wp-block-table\"><table><tbody><tr><td><a href=\"http:\/\/www.mirker-hain.de\/\">Sch\u00fctzengemeinschaft Mirker Hain 1984 e.V.<\/a><\/td><td>1. Vorsitzende: Gerhard Pf\u00fctzenreuter<\/td><\/tr><tr><td><a href=\"https:\/\/www.sonnborner-sgi.de\">Sonnborner Sch\u00fctzen-Gilde 1927 e.<\/a><\/td><td>1. Vorsitzende: Isidoro Cavallaro<\/td><\/tr><tr><td><\/td><td><\/td><\/tr><tr><td><\/td><td><\/td><\/tr><\/tbody><\/table><figcaption class=\"wp-element-caption\">Die Mitgliedsvereine der Arbeitsgemeinschaft<\/figcaption><\/figure>\n\n\n\n<p><\/p>\n","protected":false},"excerpt":{"rendered":"<p>Arbeitsgemeinschaft Wuppertaler Sch\u00fctzenvereine Sch\u00fctzengemeinschaft Mirker Hain 1984 e.V. 1. Vorsitzende: Gerhard Pf\u00fctzenreuter Sonnborner Sch\u00fctzen-Gilde 1927 e. 1. Vorsitzende: Isidoro Cavallaro Die Mitgliedsvereine der Arbeitsgemeinschaft<\/p>\n","protected":false},"author":1,"featured_media":0,"parent":0,"menu_order":0,"comment_status":"closed","ping_status":"closed","template":"","meta":{"footnotes":""},"class_list":["post-35","page","type-page","status-publish","hentry"],"_links":{"self":[{"href":"http:\/\/www.sonnborner-sgi.de\/index.php?rest_route=\/wp\/v2\/pages\/35","targetHints":{"allow":["GET"]}}],"collection":[{"href":"http:\/\/www.sonnborner-sgi.de\/index.php?rest_route=\/wp\/v2\/pages"}],"about":[{"href":"http:\/\/www.sonnborner-sgi.de\/index.php?rest_route=\/wp\/v2\/types\/page"}],"author":[{"embeddable":true,"href":"http:\/\/www.sonnborner-sgi.de\/index.php?rest_route=\/wp\/v2\/users\/1"}],"replies":[{"embeddable":true,"href":"http:\/\/www.sonnborner-sgi.de\/index.php?rest_route=%2Fwp%2Fv2%2Fcomments&post=35"}],"version-history":[{"count":5,"href":"http:\/\/www.sonnborner-sgi.de\/index.php?rest_route=\/wp\/v2\/pages\/35\/revisions"}],"predecessor-version":[{"id":508,"href":"http:\/\/www.sonnborner-sgi.de\/index.php?rest_route=\/wp\/v2\/pages\/35\/revisions\/508"}],"wp:attachment":[{"href":"http:\/\/www.sonnborner-sgi.de\/index.php?rest_route=%2Fwp%2Fv2%2Fmedia&parent=35"}],"curies":[{"name":"wp","href":"https:\/\/api.w.org\/{rel}","templated":true}]}}